{"id":8,"date":"2024-03-18T07:53:00","date_gmt":"2024-03-18T07:53:00","guid":{"rendered":"http:\/\/psychoterapeuta-slask.com.pl\/index.php\/strona-glowna\/"},"modified":"2025-11-27T10:54:46","modified_gmt":"2025-11-27T10:54:46","slug":"jarek-pokarmis-psychoterapia","status":"publish","type":"page","link":"https:\/\/psychoterapeuta-slask.com.pl\/","title":{"rendered":"Jarek Pokarmis Psychoterapia"},"content":{"rendered":"<section class=\"l-section wpb_row height_auto\"><div class=\"l-section-h i-cf\"><div class=\"g-cols vc_row via_grid cols_2 laptops-cols_inherit tablets-cols_inherit mobiles-cols_1 valign_top type_default stacking_default\" style=\"--gap:3.3rem;\"><div class=\"wpb_column vc_column_container us_custom_7e20fa79 us_animate_this\"><div class=\"vc_column-inner\"><div class=\"w-separator size_medium\"><\/div><div class=\"wpb_text_column\"><div class=\"wpb_wrapper\"><h4>\u201eAkceptuje t\u0119 wielk\u0105 przygod\u0119 bycia sob\u0105\u201d- Simone de Beauvoir<\/h4>\n<\/div><\/div><div class=\"w-separator size_small\"><\/div><div class=\"wpb_text_column\"><div class=\"wpb_wrapper\"><p><strong>Gabinet Psychoterapii i Rozwoju Osobistego<\/strong> jest miejscem \u015bwiadcz\u0105cym profesjonaln\u0105 pomoc psychoterapeutyczn\u0105.<\/p>\n<\/div><\/div><div class=\"w-separator size_small\"><\/div><div class=\"wpb_text_column\"><div class=\"wpb_wrapper\"><p>Oferuj\u0119 pomoc w zakresie psychoterapii indywidualnej oraz ma\u0142\u017ce\u0144skiej (par), pracuj\u0119 r\u00f3wnie\u017c z m\u0142odzie\u017c\u0105. Terapi\u0119 prowadz\u0119 w formie stacjonarnej oraz on-line.<\/p>\n<\/div><\/div><div class=\"g-cols wpb_row via_grid cols_2 laptops-cols_inherit tablets-cols_inherit mobiles-cols_1 valign_top type_default stacking_default\" style=\"--gap:3rem;\"><div class=\"wpb_column vc_column_container\"><div class=\"vc_column-inner\"><\/div><\/div><div class=\"wpb_column vc_column_container\"><div class=\"vc_column-inner\"><div class=\"w-image align_right\"><div class=\"w-image-h\"><img decoding=\"async\" width=\"900\" height=\"300\" src=\"https:\/\/psychoterapeuta-slask.com.pl\/wp-content\/uploads\/2024\/03\/Jarek-Pokarmis.png\" class=\"attachment-full size-full\" alt=\"\" loading=\"lazy\" srcset=\"https:\/\/psychoterapeuta-slask.com.pl\/wp-content\/uploads\/2024\/03\/Jarek-Pokarmis.png 900w, https:\/\/psychoterapeuta-slask.com.pl\/wp-content\/uploads\/2024\/03\/Jarek-Pokarmis-300x100.png 300w\" sizes=\"(max-width: 900px) 100vw, 900px\" \/><\/div><\/div><\/div><\/div><\/div><\/div><\/div><div class=\"wpb_column vc_column_container us_custom_47474b22 us_animate_this\"><div class=\"vc_column-inner\"><div class=\"g-cols wpb_row us_custom_5848baef via_grid cols_1 laptops-cols_inherit tablets-cols_inherit mobiles-cols_1 valign_top type_boxes stacking_default\" style=\"--gap:6rem;\"><div class=\"wpb_column vc_column_container\"><div class=\"vc_column-inner\"><div class=\"w-separator size_small\"><\/div><div class=\"w-image align_none\"><div class=\"w-image-h\"><img decoding=\"async\" width=\"1004\" height=\"1338\" src=\"https:\/\/psychoterapeuta-slask.com.pl\/wp-content\/uploads\/2024\/03\/IMG_1.jpg\" class=\"attachment-full size-full\" alt=\"\" loading=\"lazy\" srcset=\"https:\/\/psychoterapeuta-slask.com.pl\/wp-content\/uploads\/2024\/03\/IMG_1.jpg 1004w, https:\/\/psychoterapeuta-slask.com.pl\/wp-content\/uploads\/2024\/03\/IMG_1-225x300.jpg 225w, https:\/\/psychoterapeuta-slask.com.pl\/wp-content\/uploads\/2024\/03\/IMG_1-768x1024.jpg 768w\" sizes=\"(max-width: 1004px) 100vw, 1004px\" \/><\/div><\/div><\/div><\/div><\/div><\/div><\/div><\/div><\/div><\/section><section class=\"l-section wpb_row height_large\"><div class=\"l-section-h i-cf\"><div class=\"g-cols vc_row via_grid cols_2 laptops-cols_inherit tablets-cols_inherit mobiles-cols_1 valign_top type_default stacking_default\" style=\"--gap:2.6rem;\"><div class=\"wpb_column vc_column_container\"><div class=\"vc_column-inner\"><div class=\"wpb_text_column\"><div class=\"wpb_wrapper\"><h4>Zapraszam do kontaktu, je\u017celi do\u015bwiadczasz:<\/h4>\n<\/div><\/div><div class=\"w-separator size_small\"><\/div><div class=\"w-iconbox iconpos_left style_default color_custom align_left no_text\"><div class=\"w-iconbox-icon\" style=\"font-size:1rem;--icon-color:#f7a900;--icon-bg-color:#ffffff;\"><i class=\"fas fa-arrow-alt-circle-right\"><\/i><\/div><div class=\"w-iconbox-meta\"><span class=\"w-iconbox-title\">Przewlek\u0142ego stresu<\/span><\/div><\/div><div class=\"w-iconbox iconpos_left style_default color_custom align_left no_text\"><div class=\"w-iconbox-icon\" style=\"font-size:1rem;--icon-color:#f7a900;--icon-bg-color:#ffffff;\"><i class=\"fas fa-arrow-alt-circle-right\"><\/i><\/div><div class=\"w-iconbox-meta\"><span class=\"w-iconbox-title\">Poczucia utkni\u0119cia<\/span><\/div><\/div><div class=\"w-iconbox iconpos_left style_default color_custom align_left no_text\"><div class=\"w-iconbox-icon\" style=\"font-size:1rem;--icon-color:#f7a900;--icon-bg-color:#ffffff;\"><i class=\"fas fa-arrow-alt-circle-right\"><\/i><\/div><div class=\"w-iconbox-meta\"><span class=\"w-iconbox-title\">Zaburze\u0144 l\u0119kowych<\/span><\/div><\/div><div class=\"w-iconbox iconpos_left style_default color_custom align_left no_text\"><div class=\"w-iconbox-icon\" style=\"font-size:1rem;--icon-color:#f7a900;--icon-bg-color:#ffffff;\"><i class=\"fas fa-arrow-alt-circle-right\"><\/i><\/div><div class=\"w-iconbox-meta\"><span class=\"w-iconbox-title\">Obni\u017conego nastroju<\/span><\/div><\/div><div class=\"w-iconbox iconpos_left style_default color_custom align_left no_text\"><div class=\"w-iconbox-icon\" style=\"font-size:1rem;--icon-color:#f7a900;--icon-bg-color:#ffffff;\"><i class=\"fas fa-arrow-alt-circle-right\"><\/i><\/div><div class=\"w-iconbox-meta\"><span class=\"w-iconbox-title\">Depresji<\/span><\/div><\/div><div class=\"w-iconbox iconpos_left style_default color_custom align_left no_text\"><div class=\"w-iconbox-icon\" style=\"font-size:1rem;--icon-color:#f7a900;--icon-bg-color:#ffffff;\"><i class=\"fas fa-arrow-alt-circle-right\"><\/i><\/div><div class=\"w-iconbox-meta\"><span class=\"w-iconbox-title\">Wypalenia zawodowego<\/span><\/div><\/div><div class=\"w-iconbox iconpos_left style_default color_custom align_left no_text\"><div class=\"w-iconbox-icon\" style=\"font-size:1rem;--icon-color:#f7a900;--icon-bg-color:#ffffff;\"><i class=\"fas fa-arrow-alt-circle-right\"><\/i><\/div><div class=\"w-iconbox-meta\"><span class=\"w-iconbox-title\">Problem\u00f3w w relacjach<\/span><\/div><\/div><\/div><\/div><div class=\"wpb_column vc_column_container\"><div class=\"vc_column-inner\"><div class=\"w-iconbox iconpos_left style_default color_custom align_left no_text\"><div class=\"w-iconbox-icon\" style=\"font-size:1rem;--icon-color:#f7a900;--icon-bg-color:#ffffff;\"><i class=\"fas fa-arrow-alt-circle-right\"><\/i><\/div><div class=\"w-iconbox-meta\"><span class=\"w-iconbox-title\">Niskiej samooceny<\/span><\/div><\/div><div class=\"w-iconbox iconpos_left style_default color_custom align_left no_text\"><div class=\"w-iconbox-icon\" style=\"font-size:1rem;--icon-color:#f7a900;--icon-bg-color:#ffffff;\"><i class=\"fas fa-arrow-alt-circle-right\"><\/i><\/div><div class=\"w-iconbox-meta\"><span class=\"w-iconbox-title\">Trudno\u015bci w wyra\u017caniu emocji<\/span><\/div><\/div><div class=\"w-iconbox iconpos_left style_default color_custom align_left no_text\"><div class=\"w-iconbox-icon\" style=\"font-size:1rem;--icon-color:#f7a900;--icon-bg-color:#ffffff;\"><i class=\"fas fa-arrow-alt-circle-right\"><\/i><\/div><div class=\"w-iconbox-meta\"><span class=\"w-iconbox-title\">Chor\u00f3b psychosomatycznych<\/span><\/div><\/div><div class=\"w-iconbox iconpos_left style_default color_custom align_left no_text\"><div class=\"w-iconbox-icon\" style=\"font-size:1rem;--icon-color:#f7a900;--icon-bg-color:#ffffff;\"><i class=\"fas fa-arrow-alt-circle-right\"><\/i><\/div><div class=\"w-iconbox-meta\"><span class=\"w-iconbox-title\">Wykluczenia<\/span><\/div><\/div><div class=\"w-iconbox iconpos_left style_default color_custom align_left no_text\"><div class=\"w-iconbox-icon\" style=\"font-size:1rem;--icon-color:#f7a900;--icon-bg-color:#ffffff;\"><i class=\"fas fa-arrow-alt-circle-right\"><\/i><\/div><div class=\"w-iconbox-meta\"><span class=\"w-iconbox-title\">Dyskryminacji<\/span><\/div><\/div><div class=\"w-iconbox iconpos_left style_default color_custom align_left no_text\"><div class=\"w-iconbox-icon\" style=\"font-size:1rem;--icon-color:#f7a900;--icon-bg-color:#ffffff;\"><i class=\"fas fa-arrow-alt-circle-right\"><\/i><\/div><div class=\"w-iconbox-meta\"><span class=\"w-iconbox-title\">Szukasz mo\u017cliwo\u015bci zmiany<\/span><\/div><\/div><div class=\"w-iconbox iconpos_left style_default color_custom align_left no_text\"><div class=\"w-iconbox-icon\" style=\"font-size:1rem;--icon-color:#f7a900;--icon-bg-color:#ffffff;\"><i class=\"fas fa-arrow-alt-circle-right\"><\/i><\/div><div class=\"w-iconbox-meta\"><span class=\"w-iconbox-title\">Odczuwasz potrzeb\u0119 rozwoju osobistego<\/span><\/div><\/div><div class=\"w-iconbox iconpos_left style_default color_custom align_left no_text\"><div class=\"w-iconbox-icon\" style=\"font-size:1rem;--icon-color:#f7a900;--icon-bg-color:#ffffff;\"><i class=\"fas fa-arrow-alt-circle-right\"><\/i><\/div><div class=\"w-iconbox-meta\"><span class=\"w-iconbox-title\">Chcesz bardziej pozna\u0107 samego siebie<\/span><\/div><\/div><div class=\"w-iconbox iconpos_left style_default color_custom align_left no_text\"><div class=\"w-iconbox-icon\" style=\"font-size:1rem;--icon-color:#f7a900;--icon-bg-color:#ffffff;\"><i class=\"fas fa-arrow-alt-circle-right\"><\/i><\/div><div class=\"w-iconbox-meta\"><span class=\"w-iconbox-title\">Chcesz \u015bwiadomie kierowa\u0107 swoim \u017cyciem<\/span><\/div><\/div><div class=\"w-iconbox iconpos_left style_default color_custom align_left no_text\"><div class=\"w-iconbox-icon\" style=\"font-size:1rem;--icon-color:#f7a900;--icon-bg-color:#ffffff;\"><i class=\"fas fa-arrow-alt-circle-right\"><\/i><\/div><div class=\"w-iconbox-meta\"><span class=\"w-iconbox-title\">Nie wierzysz w siebie<\/span><\/div><\/div><div class=\"w-iconbox iconpos_left style_default color_custom align_left no_text\"><div class=\"w-iconbox-icon\" style=\"font-size:1rem;--icon-color:#f7a900;--icon-bg-color:#ffffff;\"><i class=\"fas fa-arrow-alt-circle-right\"><\/i><\/div><div class=\"w-iconbox-meta\"><span class=\"w-iconbox-title\">Czujesz si\u0119 gorsza\/y<\/span><\/div><\/div><\/div><\/div><\/div><\/div><\/section><section class=\"l-section wpb_row height_auto\" id=\"omnie\"><div class=\"l-section-h i-cf\"><div class=\"g-cols vc_row via_grid cols_1 laptops-cols_inherit tablets-cols_inherit mobiles-cols_1 valign_bottom type_default stacking_default\" style=\"--gap:2.6rem;\"><div class=\"wpb_column vc_column_container\"><div class=\"vc_column-inner\"><div class=\"wpb_text_column\"><div class=\"wpb_wrapper\"><h3>O mnie<\/h3>\n<\/div><\/div><div class=\"w-separator size_small\"><\/div><div class=\"g-cols wpb_row via_grid cols_3 laptops-cols_inherit tablets-cols_inherit mobiles-cols_1 valign_top type_default stacking_default\" style=\"--gap:3rem;\"><div class=\"wpb_column vc_column_container\"><div class=\"vc_column-inner\"><div class=\"w-image align_none\"><div class=\"w-image-h\"><img decoding=\"async\" width=\"768\" height=\"1024\" src=\"https:\/\/psychoterapeuta-slask.com.pl\/wp-content\/uploads\/2024\/03\/IMG_2-768x1024.jpg\" class=\"attachment-large size-large\" alt=\"\" loading=\"lazy\" srcset=\"https:\/\/psychoterapeuta-slask.com.pl\/wp-content\/uploads\/2024\/03\/IMG_2-768x1024.jpg 768w, https:\/\/psychoterapeuta-slask.com.pl\/wp-content\/uploads\/2024\/03\/IMG_2-225x300.jpg 225w, https:\/\/psychoterapeuta-slask.com.pl\/wp-content\/uploads\/2024\/03\/IMG_2.jpg 1004w\" sizes=\"(max-width: 768px) 100vw, 768px\" \/><\/div><\/div><\/div><\/div><div class=\"wpb_column vc_column_container\"><div class=\"vc_column-inner\"><div class=\"wpb_text_column us_custom_897c99d9\"><div class=\"wpb_wrapper\"><p style=\"text-align: justify;\">Nazywam si\u0119 Jarek Pokarmis, jestem filozofem, psychoterapeut\u0105- w trakcie szkolenia, nauczycielem akademickim oraz trenerem. Uko\u0144czy\u0142em szko\u0142\u0119 psychoterapii w Gestalt Instytut- akredytowanym przez EAGT (Europejskie Stowarzyszenie Psychoterapii Gestalt) oraz, EAP (Europejskie Stowarzyszenie Psychoterapii). Jestem cz\u0142onkiem PTPG (Polskie Towarzystwo Psychoterapii Gestalt). Przestrzegam zasad Kodeksu Etyki Zawodowej PTPG EAGT oraz regularnie superwizuj\u0119 swoj\u0105 prac\u0119.<\/p>\n<p style=\"text-align: justify;\">W ramach pracy akademickiej specjalizuj\u0119 si\u0119 w zakresie wypalenia zawodowego oraz komunikacji interpersonalnej.<\/p>\n<\/div><\/div><\/div><\/div><div class=\"wpb_column vc_column_container\"><div class=\"vc_column-inner\"><div class=\"wpb_text_column us_custom_897c99d9\"><div class=\"wpb_wrapper\"><p style=\"text-align: justify;\">Psychoterapi\u0105 zajmuj\u0119 si\u0119 z pasji, ciekawo\u015bci drugiego cz\u0142owieka oraz wiary, \u017ce jest to droga do porzucenia za\u0142o\u017ce\u0144 i fantazji na sw\u00f3j temat, by tworzy\u0107 przestrze\u0144 do tego, jak ja chc\u0119 by\u0107 w relacji z innymi lud\u017ami i samym sob\u0105. Fascynuje mnie \u017cycie z jego nieprzewidywalno\u015bci\u0105 i niesamowito\u015bci\u0105 zdarze\u0144 oraz ludzie, kt\u00f3rych mog\u0119 codziennie spotka\u0107. Mam g\u0142\u0119bokie przekonanie, \u017ce spotkanie w dialogu z drugim cz\u0142owiekiem jest tym, co sprawia, i\u017c \u015bwiadomie lepiej rozumiem siebie i otaczaj\u0105cy mnie \u015bwiat.<\/p>\n<\/div><\/div><\/div><\/div><\/div><div class=\"w-separator size_large\"><\/div><\/div><\/div><\/div><\/div><\/section><section class=\"l-section wpb_row height_medium\" id=\"gestalt\"><div class=\"l-section-h i-cf\"><div class=\"g-cols vc_row via_grid cols_1 laptops-cols_inherit tablets-cols_inherit mobiles-cols_1 valign_top type_default stacking_default\"><div class=\"wpb_column vc_column_container\"><div class=\"vc_column-inner\"><div class=\"wpb_text_column\"><div class=\"wpb_wrapper\"><h4><strong>Jacek Pierzcha\u0142a m\u00f3wi\u0142: \u201eto, co sobie u\u015bwiadamiamy, jeste\u015bmy w stanie kontrolowa\u0107, natomiast to, czego sobie nie u\u015bwiadamiamy, kontroluje nas\u201d<\/strong><\/h4>\n<\/div><\/div><div class=\"w-separator size_medium\"><\/div><div class=\"g-cols wpb_row via_grid cols_1 laptops-cols_inherit tablets-cols_inherit mobiles-cols_1 valign_top type_default stacking_default\" style=\"--gap:3rem;\"><div class=\"wpb_column vc_column_container\"><div class=\"vc_column-inner\"><div class=\"wpb_text_column\"><div class=\"wpb_wrapper\"><p><strong>Psychoterapia Gestalt<\/strong><\/p>\n<p>To spotkanie \u201etu i teraz\u201d dwojga ludzi, Terapeuty i Klienta. W my\u015bl za\u0142o\u017ce\u0144 terapii Gestalt wszystko co si\u0119 dzieje, dzieje si\u0119 w\u0142a\u015bnie teraz, nawet gdy my\u015blimy o przesz\u0142o\u015bci b\u0105d\u017a przysz\u0142o\u015bci, robimy to w tera\u017aniejszo\u015bci.<\/p>\n<\/div><\/div><\/div><\/div><\/div><div class=\"w-separator size_medium\"><\/div><div class=\"w-image align_none\"><div class=\"w-image-h\"><img decoding=\"async\" width=\"2813\" height=\"1125\" src=\"https:\/\/psychoterapeuta-slask.com.pl\/wp-content\/uploads\/2024\/03\/jarek-pokarmis-terapia-katowice1.png\" class=\"attachment-full size-full\" alt=\"\" loading=\"lazy\" srcset=\"https:\/\/psychoterapeuta-slask.com.pl\/wp-content\/uploads\/2024\/03\/jarek-pokarmis-terapia-katowice1.png 2813w, https:\/\/psychoterapeuta-slask.com.pl\/wp-content\/uploads\/2024\/03\/jarek-pokarmis-terapia-katowice1-300x120.png 300w, https:\/\/psychoterapeuta-slask.com.pl\/wp-content\/uploads\/2024\/03\/jarek-pokarmis-terapia-katowice1-1024x410.png 1024w\" sizes=\"(max-width: 2813px) 100vw, 2813px\" \/><\/div><\/div><\/div><\/div><\/div><\/div><\/section><section class=\"l-section wpb_row height_medium\"><div class=\"l-section-h i-cf\"><div class=\"g-cols vc_row via_grid cols_1-2 laptops-cols_inherit tablets-cols_inherit mobiles-cols_1 valign_middle type_default stacking_default\"><div class=\"wpb_column vc_column_container\"><div class=\"vc_column-inner\"><div class=\"wpb_text_column\"><div class=\"wpb_wrapper\"><h4><strong>Co jest dla mnie wa\u017cne- jak pracuj\u0119<\/strong><\/h4>\n<p style=\"text-align: justify;\">W spotkaniu anga\u017cuj\u0119 swoj\u0105 uwag\u0119, wiedz\u0119 i emocje, nie krytykuj\u0119, nie oceniam, nie narzucam swojej wizji ani te\u017c nie mam oczekiwa\u0144 wobec Klienta. Taka relacja oparta na wzajemnym zaufaniu i szacunku umo\u017cliwia prac\u0119 w obszarze trudno\u015bci i problem\u00f3w Klienta, kt\u00f3re s\u0105 \u017ar\u00f3d\u0142em Jego cierpienia i dyskomfortu.<\/p>\n<\/div><\/div><\/div><\/div><div class=\"wpb_column vc_column_container\"><div class=\"vc_column-inner\"><div class=\"g-cols wpb_row via_grid cols_1 laptops-cols_inherit tablets-cols_inherit mobiles-cols_1 valign_top type_default stacking_default\" style=\"--gap:3rem;\"><div class=\"wpb_column vc_column_container\"><div class=\"vc_column-inner\"><div class=\"w-image align_none\"><div class=\"w-image-h\"><img decoding=\"async\" width=\"1024\" height=\"576\" src=\"https:\/\/psychoterapeuta-slask.com.pl\/wp-content\/uploads\/2025\/11\/IMG_8541-1024x576.jpg\" class=\"attachment-large size-large\" alt=\"\" loading=\"lazy\" srcset=\"https:\/\/psychoterapeuta-slask.com.pl\/wp-content\/uploads\/2025\/11\/IMG_8541-1024x576.jpg 1024w, https:\/\/psychoterapeuta-slask.com.pl\/wp-content\/uploads\/2025\/11\/IMG_8541-300x169.jpg 300w\" sizes=\"(max-width: 1024px) 100vw, 1024px\" \/><\/div><\/div><\/div><\/div><\/div><\/div><\/div><\/div><\/div><\/section><section class=\"l-section wpb_row height_large\"><div class=\"l-section-overlay\" style=\"background:#d9d9d9\"><\/div><div class=\"l-section-h i-cf\"><div class=\"g-cols vc_row via_grid cols_1-4-1 laptops-cols_inherit tablets-cols_inherit mobiles-cols_1 valign_top type_default stacking_default\"><div class=\"wpb_column vc_column_container\"><div class=\"vc_column-inner\"><\/div><\/div><div class=\"wpb_column vc_column_container\"><div class=\"vc_column-inner\"><div class=\"wpb_text_column\"><div class=\"wpb_wrapper\"><h4>Cel psychoterapii<\/h4>\n<p style=\"text-align: justify;\">Zwi\u0119kszanie \u015bwiadomo\u015bci samego siebie, swoich my\u015bli, uczu\u0107, potrzeb, odczu\u0107 i przywr\u00f3cenie poczucia odpowiedzialno\u015bci za swoje \u017cycie. Poniewa\u017c, w my\u015bl za\u0142o\u017ce\u0144 terapii Gestalt, im bardziej cz\u0142owiek jest \u015bwiadomy tego, co robi, my\u015bli i czuje, tym bardziej jest wolny.<\/p>\n<\/div><\/div><\/div><\/div><div class=\"wpb_column vc_column_container\"><div class=\"vc_column-inner\"><\/div><\/div><\/div><\/div><\/section>\n","protected":false},"excerpt":{"rendered":"\u201eAkceptuje t\u0119 wielk\u0105 przygod\u0119 bycia sob\u0105\u201d- Simone de Beauvoir Gabinet Psychoterapii i Rozwoju Osobistego jest miejscem \u015bwiadcz\u0105cym profesjonaln\u0105 pomoc psychoterapeutyczn\u0105. Oferuj\u0119 pomoc w zakresie psychoterapii indywidualnej oraz ma\u0142\u017ce\u0144skiej (par), pracuj\u0119 r\u00f3wnie\u017c z m\u0142odzie\u017c\u0105. Terapi\u0119 prowadz\u0119 w formie stacjonarnej oraz on-line. Zapraszam do kontaktu, je\u017celi do\u015bwiadczasz: Przewlek\u0142ego stresuPoczucia utkni\u0119ciaZaburze\u0144 l\u0119kowychObni\u017conego nastrojuDepresjiWypalenia zawodowegoProblem\u00f3w w relacjachNiskiej samoocenyTrudno\u015bci w...","protected":false},"author":2,"featured_media":56,"parent":0,"menu_order":0,"comment_status":"closed","ping_status":"closed","template":"","meta":{"footnotes":""},"_links":{"self":[{"href":"https:\/\/psychoterapeuta-slask.com.pl\/index.php\/wp-json\/wp\/v2\/pages\/8"}],"collection":[{"href":"https:\/\/psychoterapeuta-slask.com.pl\/index.php\/wp-json\/wp\/v2\/pages"}],"about":[{"href":"https:\/\/psychoterapeuta-slask.com.pl\/index.php\/wp-json\/wp\/v2\/types\/page"}],"author":[{"embeddable":true,"href":"https:\/\/psychoterapeuta-slask.com.pl\/index.php\/wp-json\/wp\/v2\/users\/2"}],"replies":[{"embeddable":true,"href":"https:\/\/psychoterapeuta-slask.com.pl\/index.php\/wp-json\/wp\/v2\/comments?post=8"}],"version-history":[{"count":32,"href":"https:\/\/psychoterapeuta-slask.com.pl\/index.php\/wp-json\/wp\/v2\/pages\/8\/revisions"}],"predecessor-version":[{"id":85,"href":"https:\/\/psychoterapeuta-slask.com.pl\/index.php\/wp-json\/wp\/v2\/pages\/8\/revisions\/85"}],"wp:featuredmedia":[{"embeddable":true,"href":"https:\/\/psychoterapeuta-slask.com.pl\/index.php\/wp-json\/wp\/v2\/media\/56"}],"wp:attachment":[{"href":"https:\/\/psychoterapeuta-slask.com.pl\/index.php\/wp-json\/wp\/v2\/media?parent=8"}],"curies":[{"name":"wp","href":"https:\/\/api.w.org\/{rel}","templated":true}]}}